{"id":1328,"date":"2020-02-04T15:49:12","date_gmt":"2020-02-04T15:49:12","guid":{"rendered":"http:\/\/blatter.eliott-markus.digital\/publications\/"},"modified":"2020-11-19T15:26:32","modified_gmt":"2020-11-19T15:26:32","slug":"publications","status":"publish","type":"page","link":"https:\/\/blatter.fr\/en\/publications\/","title":{"rendered":"Publications"},"content":{"rendered":"","protected":false},"excerpt":{"rendered":"","protected":false},"author":3,"featured_media":0,"parent":0,"menu_order":12,"comment_status":"closed","ping_status":"closed","template":"pages\/publications.php","meta":{"_acf_changed":false,"inline_featured_image":false,"footnotes":""},"class_list":["post-1328","page","type-page","status-publish","hentry"],"acf":[],"yoast_head":"<!-- This site is optimized with the Yoast SEO plugin v24.7 - https:\/\/yoast.com\/wordpress\/plugins\/seo\/ -->\n<title>Nos publications - Cabinet Blatter Seynaeve<\/title>\n<meta name=\"description\" content=\"La signature Blatter Seynaeve \u00e9voque tant le cabinet \u00e9ponyme que le grand nombre de publications sign\u00e9es de ses avocats parmi lesquelles figure le Trait\u00e9 des Baux Commerciaux, r\u00e9f\u00e9rence doctrinale en mati\u00e8re de droit des baux commerciaux.\" \/>\n<meta name=\"robots\" content=\"index, follow, max-snippet:-1, max-image-preview:large, max-video-preview:-1\" \/>\n<link rel=\"canonical\" href=\"https:\/\/blatter.fr\/publications\/\" \/>\n<meta property=\"og:locale\" content=\"en_US\" \/>\n<meta property=\"og:type\" content=\"article\" \/>\n<meta property=\"og:title\" content=\"Nos publications - Cabinet Blatter Seynaeve\" \/>\n<meta property=\"og:description\" content=\"La signature Blatter Seynaeve \u00e9voque tant le cabinet \u00e9ponyme que le grand nombre de publications sign\u00e9es de ses avocats parmi lesquelles figure le Trait\u00e9 des Baux Commerciaux, r\u00e9f\u00e9rence doctrinale en mati\u00e8re de droit des baux commerciaux.\" \/>\n<meta property=\"og:url\" content=\"https:\/\/blatter.fr\/publications\/\" \/>\n<meta property=\"og:site_name\" content=\"Blatter\" \/>\n<meta property=\"article:modified_time\" content=\"2020-11-19T15:26:32+00:00\" \/>\n<meta name=\"twitter:card\" content=\"summary_large_image\" \/>\n<script type=\"application\/ld+json\" class=\"yoast-schema-graph\">{\"@context\":\"https:\/\/schema.org\",\"@graph\":[{\"@type\":\"WebPage\",\"@id\":\"https:\/\/blatter.fr\/publications\/\",\"url\":\"https:\/\/blatter.fr\/publications\/\",\"name\":\"Nos publications - Cabinet Blatter Seynaeve\",\"isPartOf\":{\"@id\":\"https:\/\/blatter.fr\/#website\"},\"datePublished\":\"2020-02-04T15:49:12+00:00\",\"dateModified\":\"2020-11-19T15:26:32+00:00\",\"description\":\"La signature Blatter Seynaeve \u00e9voque tant le cabinet \u00e9ponyme que le grand nombre de publications sign\u00e9es de ses avocats parmi lesquelles figure le Trait\u00e9 des Baux Commerciaux, r\u00e9f\u00e9rence doctrinale en mati\u00e8re de droit des baux commerciaux.\",\"breadcrumb\":{\"@id\":\"https:\/\/blatter.fr\/publications\/#breadcrumb\"},\"inLanguage\":\"en-US\",\"potentialAction\":[{\"@type\":\"ReadAction\",\"target\":[\"https:\/\/blatter.fr\/publications\/\"]}]},{\"@type\":\"BreadcrumbList\",\"@id\":\"https:\/\/blatter.fr\/publications\/#breadcrumb\",\"itemListElement\":[{\"@type\":\"ListItem\",\"position\":1,\"name\":\"Home\",\"item\":\"https:\/\/blatter.fr\/en\/\"},{\"@type\":\"ListItem\",\"position\":2,\"name\":\"Publications\"}]},{\"@type\":\"WebSite\",\"@id\":\"https:\/\/blatter.fr\/#website\",\"url\":\"https:\/\/blatter.fr\/\",\"name\":\"Blatter\",\"description\":\"\",\"potentialAction\":[{\"@type\":\"SearchAction\",\"target\":{\"@type\":\"EntryPoint\",\"urlTemplate\":\"https:\/\/blatter.fr\/?s={search_term_string}\"},\"query-input\":{\"@type\":\"PropertyValueSpecification\",\"valueRequired\":true,\"valueName\":\"search_term_string\"}}],\"inLanguage\":\"en-US\"}]}<\/script>\n<!-- \/ Yoast SEO plugin. -->","yoast_head_json":{"title":"Nos publications - Cabinet Blatter Seynaeve","description":"La signature Blatter Seynaeve \u00e9voque tant le cabinet \u00e9ponyme que le grand nombre de publications sign\u00e9es de ses avocats parmi lesquelles figure le Trait\u00e9 des Baux Commerciaux, r\u00e9f\u00e9rence doctrinale en mati\u00e8re de droit des baux commerciaux.","robots":{"index":"index","follow":"follow","max-snippet":"max-snippet:-1","max-image-preview":"max-image-preview:large","max-video-preview":"max-video-preview:-1"},"canonical":"https:\/\/blatter.fr\/publications\/","og_locale":"en_US","og_type":"article","og_title":"Nos publications - Cabinet Blatter Seynaeve","og_description":"La signature Blatter Seynaeve \u00e9voque tant le cabinet \u00e9ponyme que le grand nombre de publications sign\u00e9es de ses avocats parmi lesquelles figure le Trait\u00e9 des Baux Commerciaux, r\u00e9f\u00e9rence doctrinale en mati\u00e8re de droit des baux commerciaux.","og_url":"https:\/\/blatter.fr\/publications\/","og_site_name":"Blatter","article_modified_time":"2020-11-19T15:26:32+00:00","twitter_card":"summary_large_image","schema":{"@context":"https:\/\/schema.org","@graph":[{"@type":"WebPage","@id":"https:\/\/blatter.fr\/publications\/","url":"https:\/\/blatter.fr\/publications\/","name":"Nos publications - Cabinet Blatter Seynaeve","isPartOf":{"@id":"https:\/\/blatter.fr\/#website"},"datePublished":"2020-02-04T15:49:12+00:00","dateModified":"2020-11-19T15:26:32+00:00","description":"La signature Blatter Seynaeve \u00e9voque tant le cabinet \u00e9ponyme que le grand nombre de publications sign\u00e9es de ses avocats parmi lesquelles figure le Trait\u00e9 des Baux Commerciaux, r\u00e9f\u00e9rence doctrinale en mati\u00e8re de droit des baux commerciaux.","breadcrumb":{"@id":"https:\/\/blatter.fr\/publications\/#breadcrumb"},"inLanguage":"en-US","potentialAction":[{"@type":"ReadAction","target":["https:\/\/blatter.fr\/publications\/"]}]},{"@type":"BreadcrumbList","@id":"https:\/\/blatter.fr\/publications\/#breadcrumb","itemListElement":[{"@type":"ListItem","position":1,"name":"Home","item":"https:\/\/blatter.fr\/en\/"},{"@type":"ListItem","position":2,"name":"Publications"}]},{"@type":"WebSite","@id":"https:\/\/blatter.fr\/#website","url":"https:\/\/blatter.fr\/","name":"Blatter","description":"","potentialAction":[{"@type":"SearchAction","target":{"@type":"EntryPoint","urlTemplate":"https:\/\/blatter.fr\/?s={search_term_string}"},"query-input":{"@type":"PropertyValueSpecification","valueRequired":true,"valueName":"search_term_string"}}],"inLanguage":"en-US"}]}},"_links":{"self":[{"href":"https:\/\/blatter.fr\/en\/wp-json\/wp\/v2\/pages\/1328","targetHints":{"allow":["GET"]}}],"collection":[{"href":"https:\/\/blatter.fr\/en\/wp-json\/wp\/v2\/pages"}],"about":[{"href":"https:\/\/blatter.fr\/en\/wp-json\/wp\/v2\/types\/page"}],"author":[{"embeddable":true,"href":"https:\/\/blatter.fr\/en\/wp-json\/wp\/v2\/users\/3"}],"replies":[{"embeddable":true,"href":"https:\/\/blatter.fr\/en\/wp-json\/wp\/v2\/comments?post=1328"}],"version-history":[{"count":1,"href":"https:\/\/blatter.fr\/en\/wp-json\/wp\/v2\/pages\/1328\/revisions"}],"predecessor-version":[{"id":1334,"href":"https:\/\/blatter.fr\/en\/wp-json\/wp\/v2\/pages\/1328\/revisions\/1334"}],"wp:attachment":[{"href":"https:\/\/blatter.fr\/en\/wp-json\/wp\/v2\/media?parent=1328"}],"curies":[{"name":"wp","href":"https:\/\/api.w.org\/{rel}","templated":true}]}}