{"id":1325,"date":"2020-02-10T10:26:11","date_gmt":"2020-02-10T10:26:11","guid":{"rendered":"http:\/\/blatter.eliott-markus.digital\/lettre-dactualite\/"},"modified":"2021-04-06T15:32:04","modified_gmt":"2021-04-06T15:32:04","slug":"lettre-dactualite","status":"publish","type":"page","link":"https:\/\/blatter.fr\/en\/lettre-dactualite\/","title":{"rendered":"Lettre d&#8217;actualite"},"content":{"rendered":"","protected":false},"excerpt":{"rendered":"","protected":false},"author":3,"featured_media":0,"parent":0,"menu_order":18,"comment_status":"closed","ping_status":"closed","template":"pages\/lettre-actualite.php","meta":{"_acf_changed":false,"inline_featured_image":false,"footnotes":""},"class_list":["post-1325","page","type-page","status-publish","hentry"],"acf":[],"yoast_head":"<!-- This site is optimized with the Yoast SEO plugin v24.7 - https:\/\/yoast.com\/wordpress\/plugins\/seo\/ -->\n<title>La lettre d&#039;actualit\u00e9 du cabinet Blatter Seynaeve<\/title>\n<meta name=\"description\" content=\"Le cabinet propose \u00e0 ses clients et aux acteurs de l\u2019immobilier ses \u00e9clairages et d\u00e9cryptages sur les derniers \u00e9volutions l\u00e9gales et r\u00e9glementaires dans le domaine des baux. R\u00e9dig\u00e9e par les professionnels du cabinet...\" \/>\n<meta name=\"robots\" content=\"index, follow, max-snippet:-1, max-image-preview:large, max-video-preview:-1\" \/>\n<link rel=\"canonical\" href=\"https:\/\/blatter.fr\/en\/lettre-dactualite\/\" \/>\n<meta property=\"og:locale\" content=\"en_US\" \/>\n<meta property=\"og:type\" content=\"article\" \/>\n<meta property=\"og:title\" content=\"La lettre d&#039;actualit\u00e9 du cabinet Blatter Seynaeve\" \/>\n<meta property=\"og:description\" content=\"Le cabinet propose \u00e0 ses clients et aux acteurs de l\u2019immobilier ses \u00e9clairages et d\u00e9cryptages sur les derniers \u00e9volutions l\u00e9gales et r\u00e9glementaires dans le domaine des baux. R\u00e9dig\u00e9e par les professionnels du cabinet...\" \/>\n<meta property=\"og:url\" content=\"https:\/\/blatter.fr\/en\/lettre-dactualite\/\" \/>\n<meta property=\"og:site_name\" content=\"Blatter\" \/>\n<meta property=\"article:modified_time\" content=\"2021-04-06T15:32:04+00:00\" \/>\n<meta name=\"twitter:card\" content=\"summary_large_image\" \/>\n<script type=\"application\/ld+json\" class=\"yoast-schema-graph\">{\"@context\":\"https:\/\/schema.org\",\"@graph\":[{\"@type\":\"WebPage\",\"@id\":\"https:\/\/blatter.fr\/en\/lettre-dactualite\/\",\"url\":\"https:\/\/blatter.fr\/en\/lettre-dactualite\/\",\"name\":\"La lettre d'actualit\u00e9 du cabinet Blatter Seynaeve\",\"isPartOf\":{\"@id\":\"https:\/\/blatter.fr\/#website\"},\"datePublished\":\"2020-02-10T10:26:11+00:00\",\"dateModified\":\"2021-04-06T15:32:04+00:00\",\"description\":\"Le cabinet propose \u00e0 ses clients et aux acteurs de l\u2019immobilier ses \u00e9clairages et d\u00e9cryptages sur les derniers \u00e9volutions l\u00e9gales et r\u00e9glementaires dans le domaine des baux. R\u00e9dig\u00e9e par les professionnels du cabinet...\",\"breadcrumb\":{\"@id\":\"https:\/\/blatter.fr\/en\/lettre-dactualite\/#breadcrumb\"},\"inLanguage\":\"en-US\",\"potentialAction\":[{\"@type\":\"ReadAction\",\"target\":[\"https:\/\/blatter.fr\/en\/lettre-dactualite\/\"]}]},{\"@type\":\"BreadcrumbList\",\"@id\":\"https:\/\/blatter.fr\/en\/lettre-dactualite\/#breadcrumb\",\"itemListElement\":[{\"@type\":\"ListItem\",\"position\":1,\"name\":\"Home\",\"item\":\"https:\/\/blatter.fr\/en\/\"},{\"@type\":\"ListItem\",\"position\":2,\"name\":\"Lettre d&#8217;actualite\"}]},{\"@type\":\"WebSite\",\"@id\":\"https:\/\/blatter.fr\/#website\",\"url\":\"https:\/\/blatter.fr\/\",\"name\":\"Blatter\",\"description\":\"\",\"potentialAction\":[{\"@type\":\"SearchAction\",\"target\":{\"@type\":\"EntryPoint\",\"urlTemplate\":\"https:\/\/blatter.fr\/?s={search_term_string}\"},\"query-input\":{\"@type\":\"PropertyValueSpecification\",\"valueRequired\":true,\"valueName\":\"search_term_string\"}}],\"inLanguage\":\"en-US\"}]}<\/script>\n<!-- \/ Yoast SEO plugin. -->","yoast_head_json":{"title":"La lettre d'actualit\u00e9 du cabinet Blatter Seynaeve","description":"Le cabinet propose \u00e0 ses clients et aux acteurs de l\u2019immobilier ses \u00e9clairages et d\u00e9cryptages sur les derniers \u00e9volutions l\u00e9gales et r\u00e9glementaires dans le domaine des baux. R\u00e9dig\u00e9e par les professionnels du cabinet...","robots":{"index":"index","follow":"follow","max-snippet":"max-snippet:-1","max-image-preview":"max-image-preview:large","max-video-preview":"max-video-preview:-1"},"canonical":"https:\/\/blatter.fr\/en\/lettre-dactualite\/","og_locale":"en_US","og_type":"article","og_title":"La lettre d'actualit\u00e9 du cabinet Blatter Seynaeve","og_description":"Le cabinet propose \u00e0 ses clients et aux acteurs de l\u2019immobilier ses \u00e9clairages et d\u00e9cryptages sur les derniers \u00e9volutions l\u00e9gales et r\u00e9glementaires dans le domaine des baux. R\u00e9dig\u00e9e par les professionnels du cabinet...","og_url":"https:\/\/blatter.fr\/en\/lettre-dactualite\/","og_site_name":"Blatter","article_modified_time":"2021-04-06T15:32:04+00:00","twitter_card":"summary_large_image","schema":{"@context":"https:\/\/schema.org","@graph":[{"@type":"WebPage","@id":"https:\/\/blatter.fr\/en\/lettre-dactualite\/","url":"https:\/\/blatter.fr\/en\/lettre-dactualite\/","name":"La lettre d'actualit\u00e9 du cabinet Blatter Seynaeve","isPartOf":{"@id":"https:\/\/blatter.fr\/#website"},"datePublished":"2020-02-10T10:26:11+00:00","dateModified":"2021-04-06T15:32:04+00:00","description":"Le cabinet propose \u00e0 ses clients et aux acteurs de l\u2019immobilier ses \u00e9clairages et d\u00e9cryptages sur les derniers \u00e9volutions l\u00e9gales et r\u00e9glementaires dans le domaine des baux. R\u00e9dig\u00e9e par les professionnels du cabinet...","breadcrumb":{"@id":"https:\/\/blatter.fr\/en\/lettre-dactualite\/#breadcrumb"},"inLanguage":"en-US","potentialAction":[{"@type":"ReadAction","target":["https:\/\/blatter.fr\/en\/lettre-dactualite\/"]}]},{"@type":"BreadcrumbList","@id":"https:\/\/blatter.fr\/en\/lettre-dactualite\/#breadcrumb","itemListElement":[{"@type":"ListItem","position":1,"name":"Home","item":"https:\/\/blatter.fr\/en\/"},{"@type":"ListItem","position":2,"name":"Lettre d&#8217;actualite"}]},{"@type":"WebSite","@id":"https:\/\/blatter.fr\/#website","url":"https:\/\/blatter.fr\/","name":"Blatter","description":"","potentialAction":[{"@type":"SearchAction","target":{"@type":"EntryPoint","urlTemplate":"https:\/\/blatter.fr\/?s={search_term_string}"},"query-input":{"@type":"PropertyValueSpecification","valueRequired":true,"valueName":"search_term_string"}}],"inLanguage":"en-US"}]}},"_links":{"self":[{"href":"https:\/\/blatter.fr\/en\/wp-json\/wp\/v2\/pages\/1325","targetHints":{"allow":["GET"]}}],"collection":[{"href":"https:\/\/blatter.fr\/en\/wp-json\/wp\/v2\/pages"}],"about":[{"href":"https:\/\/blatter.fr\/en\/wp-json\/wp\/v2\/types\/page"}],"author":[{"embeddable":true,"href":"https:\/\/blatter.fr\/en\/wp-json\/wp\/v2\/users\/3"}],"replies":[{"embeddable":true,"href":"https:\/\/blatter.fr\/en\/wp-json\/wp\/v2\/comments?post=1325"}],"version-history":[{"count":10,"href":"https:\/\/blatter.fr\/en\/wp-json\/wp\/v2\/pages\/1325\/revisions"}],"predecessor-version":[{"id":1804,"href":"https:\/\/blatter.fr\/en\/wp-json\/wp\/v2\/pages\/1325\/revisions\/1804"}],"wp:attachment":[{"href":"https:\/\/blatter.fr\/en\/wp-json\/wp\/v2\/media?parent=1325"}],"curies":[{"name":"wp","href":"https:\/\/api.w.org\/{rel}","templated":true}]}}